{"id":1340,"date":"2018-12-08T18:31:46","date_gmt":"2018-12-08T17:31:46","guid":{"rendered":"https:\/\/www.wovalab.com\/fr\/?page_id=1340"},"modified":"2020-11-07T17:18:46","modified_gmt":"2020-11-07T16:18:46","slug":"expertise","status":"publish","type":"page","link":"https:\/\/www.wovalab.com\/fr\/expertise\/","title":{"rendered":"Une expertise reconnue"},"content":{"rendered":"\n<p class=\"has-medium-font-size\">Travailler avec Wovalab, c&#8217;est profiter d&#8217;une expertise de plus de 15 ans de la plateforme logiciel et mat\u00e9riel de National Instruments. <\/p>\n\n\n\n<p class=\"has-medium-font-size\">Cette expertise a \u00e9t\u00e9 acquise au travers de nombreuses applications con\u00e7ues et d\u00e9velopp\u00e9es pour assurer qualit\u00e9 de fonctionnement et maintenabilit\u00e9. Loin de nous reposer sur ces acquis, nous continuons \u00e0 progresser en participant activement au partage et \u00e0 l&#8217;acquisition de nouveaux savoir-faire au travers de la communaut\u00e9 des d\u00e9veloppeurs LabVIEW\u2122.<\/p>\n\n\n\n<h4 class=\"wp-block-heading\">Certifications<\/h4>\n\n\n\n<p class=\"has-medium-font-size\">Olivier Jourdan est <a href=\"http:\/\/sine.ni.com\/nips\/cds\/view\/p\/lang\/fr\/nid\/13477\">Architect LabVIEW Certifi\u00e9<\/a> et <a href=\"https:\/\/forums.ni.com\/t5\/LabVIEW-Champions\/ct-p\/7029\">LabVIEW Champion<\/a><\/p>\n\n\n\n<div class=\"wp-block-columns has-2-columns is-layout-flex wp-container-core-columns-is-layout-9d6595d7 wp-block-columns-is-layout-flex\">\n<div class=\"wp-block-column is-layout-flow wp-block-column-is-layout-flow\">\n<div class=\"wp-block-image\"><figure class=\"aligncenter is-resized\"><img loading=\"lazy\" decoding=\"async\" src=\"https:\/\/www.wovalab.com\/wp-content\/uploads\/2018\/12\/CLA.png\" alt=\"\" class=\"wp-image-1341\" width=\"70\" height=\"70\" srcset=\"https:\/\/www.wovalab.com\/wp-content\/uploads\/2018\/12\/CLA.png 352w, https:\/\/www.wovalab.com\/wp-content\/uploads\/2018\/12\/CLA-150x150.png 150w, https:\/\/www.wovalab.com\/wp-content\/uploads\/2018\/12\/CLA-300x300.png 300w\" sizes=\"auto, (max-width: 70px) 100vw, 70px\" \/><figcaption>Certified LabVIEW Architect<\/figcaption><\/figure><\/div>\n<\/div>\n\n\n\n<div class=\"wp-block-column is-layout-flow wp-block-column-is-layout-flow\">\n<div class=\"wp-block-image\"><figure class=\"aligncenter is-resized\"><img loading=\"lazy\" decoding=\"async\" src=\"https:\/\/www.wovalab.com\/wp-content\/uploads\/2018\/12\/LVChampion.png\" alt=\"\" class=\"wp-image-1342\" width=\"70\" height=\"70\" srcset=\"https:\/\/www.wovalab.com\/wp-content\/uploads\/2018\/12\/LVChampion.png 352w, https:\/\/www.wovalab.com\/wp-content\/uploads\/2018\/12\/LVChampion-150x150.png 150w, https:\/\/www.wovalab.com\/wp-content\/uploads\/2018\/12\/LVChampion-300x300.png 300w\" sizes=\"auto, (max-width: 70px) 100vw, 70px\" \/><figcaption>LabVIEW Champion<\/figcaption><\/figure><\/div>\n<\/div>\n<\/div>\n","protected":false},"excerpt":{"rendered":"<p>Travailler avec Wovalab, c&#8217;est profiter d&#8217;une expertise de plus de 15 ans de la plateforme logiciel et mat\u00e9riel de National Instruments. Cette expertise a \u00e9t\u00e9 acquise au travers de nombreuses &#8230;<\/p>\n","protected":false},"author":1,"featured_media":0,"parent":0,"menu_order":0,"comment_status":"closed","ping_status":"closed","template":"","meta":{"footnotes":""},"class_list":["post-1340","page","type-page","status-publish","hentry"],"_links":{"self":[{"href":"https:\/\/www.wovalab.com\/fr\/wp-json\/wp\/v2\/pages\/1340","targetHints":{"allow":["GET"]}}],"collection":[{"href":"https:\/\/www.wovalab.com\/fr\/wp-json\/wp\/v2\/pages"}],"about":[{"href":"https:\/\/www.wovalab.com\/fr\/wp-json\/wp\/v2\/types\/page"}],"author":[{"embeddable":true,"href":"https:\/\/www.wovalab.com\/fr\/wp-json\/wp\/v2\/users\/1"}],"replies":[{"embeddable":true,"href":"https:\/\/www.wovalab.com\/fr\/wp-json\/wp\/v2\/comments?post=1340"}],"version-history":[{"count":16,"href":"https:\/\/www.wovalab.com\/fr\/wp-json\/wp\/v2\/pages\/1340\/revisions"}],"predecessor-version":[{"id":1537,"href":"https:\/\/www.wovalab.com\/fr\/wp-json\/wp\/v2\/pages\/1340\/revisions\/1537"}],"wp:attachment":[{"href":"https:\/\/www.wovalab.com\/fr\/wp-json\/wp\/v2\/media?parent=1340"}],"curies":[{"name":"wp","href":"https:\/\/api.w.org\/{rel}","templated":true}]}}