{"id":1366,"date":"2018-12-08T18:48:24","date_gmt":"2018-12-08T17:48:24","guid":{"rendered":"https:\/\/www.wovalab.com\/fr\/?page_id=1366"},"modified":"2021-01-08T12:12:15","modified_gmt":"2021-01-08T11:12:15","slug":"des-methodes-agile","status":"publish","type":"page","link":"https:\/\/www.wovalab.com\/fr\/des-methodes-agile\/","title":{"rendered":"La compr\u00e9hension de vos besoins"},"content":{"rendered":"\n<p class=\"has-medium-font-size\">Chez Wovalab, nous voulons d\u00e9livrer des applications qui apportent une r\u00e9elle plus-value \u00e0 leurs utilisateurs. Pour cela, nous sommes convaincus que nous devons comprendre le m\u00e9tier, les contraintes et les objectifs de nos clients.<\/p>\n\n\n\n<p class=\"has-medium-font-size\">Nous mettons la communication avec nos clients au c\u0153ur de nos processus projet.<\/p>\n","protected":false},"excerpt":{"rendered":"<p>Chez Wovalab, nous voulons d\u00e9livrer des applications qui apportent une r\u00e9elle plus-value \u00e0 leurs utilisateurs. Pour cela, nous sommes convaincus que nous devons comprendre le m\u00e9tier, les contraintes et les &#8230;<\/p>\n","protected":false},"author":1,"featured_media":0,"parent":0,"menu_order":0,"comment_status":"closed","ping_status":"closed","template":"","meta":{"footnotes":""},"class_list":["post-1366","page","type-page","status-publish","hentry"],"_links":{"self":[{"href":"https:\/\/www.wovalab.com\/fr\/wp-json\/wp\/v2\/pages\/1366","targetHints":{"allow":["GET"]}}],"collection":[{"href":"https:\/\/www.wovalab.com\/fr\/wp-json\/wp\/v2\/pages"}],"about":[{"href":"https:\/\/www.wovalab.com\/fr\/wp-json\/wp\/v2\/types\/page"}],"author":[{"embeddable":true,"href":"https:\/\/www.wovalab.com\/fr\/wp-json\/wp\/v2\/users\/1"}],"replies":[{"embeddable":true,"href":"https:\/\/www.wovalab.com\/fr\/wp-json\/wp\/v2\/comments?post=1366"}],"version-history":[{"count":8,"href":"https:\/\/www.wovalab.com\/fr\/wp-json\/wp\/v2\/pages\/1366\/revisions"}],"predecessor-version":[{"id":1675,"href":"https:\/\/www.wovalab.com\/fr\/wp-json\/wp\/v2\/pages\/1366\/revisions\/1675"}],"wp:attachment":[{"href":"https:\/\/www.wovalab.com\/fr\/wp-json\/wp\/v2\/media?parent=1366"}],"curies":[{"name":"wp","href":"https:\/\/api.w.org\/{rel}","templated":true}]}}