{"id":1469,"date":"2019-09-18T09:09:27","date_gmt":"2019-09-18T08:09:27","guid":{"rendered":"https:\/\/www.wovalab.com\/fr\/?page_id=1469"},"modified":"2021-05-21T17:42:48","modified_gmt":"2021-05-21T16:42:48","slug":"dqmhr-trusted-advisor","status":"publish","type":"page","link":"https:\/\/www.wovalab.com\/fr\/dqmhr-trusted-advisor\/","title":{"rendered":"DQMH\u2122 Trusted Advisor"},"content":{"rendered":"\n<p class=\"has-medium-font-size\">Le framework <a rel=\"noreferrer noopener\" href=\"https:\/\/dqmh.org\/\" target=\"_blank\">DQMH\u00ae<\/a> fait partie des outils utilis\u00e9s et pr\u00e9conis\u00e9s par Wovalab. \u00c0 ce titre, nous sommes officiellement reconnus par le <a rel=\"noreferrer noopener\" href=\"https:\/\/dqmh.org\/\" target=\"_blank\">DQMH Consortium<\/a> comme <a rel=\"noreferrer noopener\" href=\"https:\/\/dqmh.org\/#trusted-advisors\" target=\"_blank\">DQMH\u00ae Trusted Advisor<\/a>.<\/p>\n\n\n\n<p class=\"has-medium-font-size\">Nous avons une parfaite connaissance de l&#8217;architecture du framework. Nous pouvons donc vous aider \u00e0 concevoir, maintenir et mettre \u00e0 jour vos projets LabVIEW reposants sur ce framework.<\/p>\n\n\n\n<div class=\"wp-block-image\"><figure class=\"aligncenter size-large is-resized\"><a href=\"https:\/\/dqmh.org\/#trusted-advisors\"><img loading=\"lazy\" decoding=\"async\" src=\"https:\/\/www.wovalab.com\/wp-content\/uploads\/2021\/04\/DQMH-R-TA-1024x1024.png\" alt=\"DQMh Trusted Advisor\" class=\"wp-image-1766\" width=\"256\" height=\"256\" srcset=\"https:\/\/www.wovalab.com\/wp-content\/uploads\/2021\/04\/DQMH-R-TA.png 1024w, https:\/\/www.wovalab.com\/wp-content\/uploads\/2021\/04\/DQMH-R-TA-300x300.png 300w, https:\/\/www.wovalab.com\/wp-content\/uploads\/2021\/04\/DQMH-R-TA-150x150.png 150w, https:\/\/www.wovalab.com\/wp-content\/uploads\/2021\/04\/DQMH-R-TA-768x768.png 768w\" sizes=\"auto, (max-width: 256px) 100vw, 256px\" \/><\/a><\/figure><\/div>\n\n\n\n<p><\/p>\n","protected":false},"excerpt":{"rendered":"<p>Le framework DQMH\u00ae fait partie des outils utilis\u00e9s et pr\u00e9conis\u00e9s par Wovalab. \u00c0 ce titre, nous sommes officiellement reconnus par le DQMH Consortium comme DQMH\u00ae Trusted Advisor. Nous avons une &#8230;<\/p>\n","protected":false},"author":1,"featured_media":0,"parent":0,"menu_order":0,"comment_status":"closed","ping_status":"closed","template":"","meta":{"footnotes":""},"class_list":["post-1469","page","type-page","status-publish","hentry"],"_links":{"self":[{"href":"https:\/\/www.wovalab.com\/fr\/wp-json\/wp\/v2\/pages\/1469","targetHints":{"allow":["GET"]}}],"collection":[{"href":"https:\/\/www.wovalab.com\/fr\/wp-json\/wp\/v2\/pages"}],"about":[{"href":"https:\/\/www.wovalab.com\/fr\/wp-json\/wp\/v2\/types\/page"}],"author":[{"embeddable":true,"href":"https:\/\/www.wovalab.com\/fr\/wp-json\/wp\/v2\/users\/1"}],"replies":[{"embeddable":true,"href":"https:\/\/www.wovalab.com\/fr\/wp-json\/wp\/v2\/comments?post=1469"}],"version-history":[{"count":9,"href":"https:\/\/www.wovalab.com\/fr\/wp-json\/wp\/v2\/pages\/1469\/revisions"}],"predecessor-version":[{"id":1805,"href":"https:\/\/www.wovalab.com\/fr\/wp-json\/wp\/v2\/pages\/1469\/revisions\/1805"}],"wp:attachment":[{"href":"https:\/\/www.wovalab.com\/fr\/wp-json\/wp\/v2\/media?parent=1469"}],"curies":[{"name":"wp","href":"https:\/\/api.w.org\/{rel}","templated":true}]}}