{"id":1799,"date":"2021-05-21T18:29:03","date_gmt":"2021-05-21T17:29:03","guid":{"rendered":"https:\/\/www.wovalab.com\/?page_id=1799"},"modified":"2026-01-22T15:21:54","modified_gmt":"2026-01-22T14:21:54","slug":"dqmh-framework-boot-camp","status":"publish","type":"page","link":"https:\/\/www.wovalab.com\/fr\/dqmh-framework-boot-camp\/","title":{"rendered":"DQMH&reg; framework boot camp"},"content":{"rendered":"\n<figure class=\"wp-block-pullquote has-border-color has-text-color\" style=\"border-color:#6cc24a;color:#878787\"><blockquote><p>Apprenez \u00e0 utiliser le framework DQMH et \u00e0 concevoir vos applications LabVIEW avec ce framework<\/p><\/blockquote><\/figure>\n\n\n\n<figure class=\"wp-block-table\"><table class=\"has-white-color has-text-color has-background\" style=\"background-color:#6cc24a\"><tbody><tr><td class=\"has-text-align-center\" data-align=\"center\"><h3>3 jours (21 h) de formation<\/h3><\/td><td class=\"has-text-align-center\" data-align=\"center\"><h3>7 350\u20ac HT \/ Jusqu&#8217;\u00e0 6 personnes<\/h3><\/td><\/tr><\/tbody><\/table><\/figure>\n\n\n\n<h1 class=\"wp-block-heading\">Pourquoi suivre cette formation ?<\/h1>\n\n\n\n<p>L&#8217;utilisation d&#8217;un framework vous permet de standardiser vos d\u00e9veloppements et de consacrer votre temps \u00e0 la partie m\u00e9tier de vos applications. \u00c0 Wovalab nous avons d\u00e9cid\u00e9 d&#8217;utiliser le <a href=\"http:\/\/www.dqmh.org\" target=\"_blank\" rel=\"noreferrer noopener\">framework DQMH<\/a> dans tous nos projets. <\/p>\n\n\n\n<p><strong>Cette formation vous permettra d&#8217;apprendre :<\/strong><\/p>\n\n\n\n<ul class=\"wp-block-list\">\n<li>la philosophie et le fonctionnement du framework<\/li>\n\n\n\n<li>les outils mis \u00e0 la disposition des d\u00e9veloppeurs<\/li>\n\n\n\n<li>la d\u00e9marche de conception d&#8217;un programme bas\u00e9 sur ce framework<\/li>\n<\/ul>\n\n\n\n<p><strong>Ce que vous saurez faire :<\/strong><\/p>\n\n\n\n<p>Vous pourrez mettre en \u0153uvre tr\u00e8s rapidement le framework DQMH dans vos projets et d\u00e9velopper des applications robustes et maintenables en toute confiance.<\/p>\n\n\n\n<p>Pour les \u00e9quipes de d\u00e9veloppement, la standardisation de l&#8217;architecture de vos applications facilitera le travail en commun et la reprise de code par vos coll\u00e8gues.<\/p>\n\n\n\n<h1 class=\"wp-block-heading\">\u00c0 qui s&#8217;adresse cette formation ?<\/h1>\n\n\n\n<ul class=\"wp-block-list\">\n<li>D\u00e9veloppeur LabVIEW confirm\u00e9 souhaitant tirer le meilleur parti du framework DQMH pour cr\u00e9er ses applications<\/li>\n\n\n\n<li>D\u00e9veloppeur LabVIEW junior souhaitant travailler sur des projets bas\u00e9s sur le framework DQMH <\/li>\n<\/ul>\n\n\n\n<h1 class=\"wp-block-heading\">Contenu d\u00e9taill\u00e9<\/h1>\n\n\n\n<h2 class=\"wp-block-heading\">Jour 1 : D\u00e9couvrir le framework DQMH<\/h2>\n\n\n\n<ul class=\"wp-block-list\">\n<li>Concepts et philosophie<\/li>\n\n\n\n<li>Comprendre le fonctionnement d&#8217;un module DQMH<\/li>\n\n\n\n<li>Utiliser un module DQMH dans une application LabVIEW<\/li>\n\n\n\n<li>Utiliser les outils de production pour :\n<ul class=\"wp-block-list\">\n<li>Cr\u00e9er de nouveau module DQMH<\/li>\n\n\n\n<li>Cr\u00e9er et modifier des events<\/li>\n\n\n\n<li>Tester un module<\/li>\n<\/ul>\n<\/li>\n\n\n\n<li>Comprendre et mettre en \u0153uvre une Helper Loop dans un module<\/li>\n<\/ul>\n\n\n\n<h2 class=\"wp-block-heading\">Jour 2 : Utilisation avanc\u00e9e<\/h2>\n\n\n\n<ul class=\"wp-block-list\">\n<li>Valider les modules DQMH<\/li>\n\n\n\n<li>D\u00e9couverte d&#8217;outils tiers aidant \u00e0 l&#8217;utilisation du framework\n<ul class=\"wp-block-list\">\n<li>Utiliser <a href=\"https:\/\/www.vipm.io\/package\/wovalab_lib_antidoc\/\" target=\"_blank\" rel=\"noreferrer noopener\">Antidoc <\/a>pour cr\u00e9er automatiquement la documentation du code source du projet<\/li>\n\n\n\n<li>Utiliser <a href=\"https:\/\/www.vipm.io\/package\/neosoft_technologies_inc_lib_testandifier\/\">DQMH TestStandifier<\/a> pour utiliser des modules DQMH dans TestStand<\/li>\n\n\n\n<li>Mettre au point avec <a href=\"https:\/\/documentation.dqmh.org\/lumos\/1.0\/quickstart.html\">Lumos<\/a><\/li>\n<\/ul>\n<\/li>\n<\/ul>\n\n\n\n<h2 class=\"wp-block-heading\">Jour 3 : Concevoir une application bas\u00e9e sur le framework DQMH<\/h2>\n\n\n\n<ul class=\"wp-block-list\">\n<li>Concevoir une architecture mettant en \u0153uvre des modules de type singleton et cloneable\n<ul class=\"wp-block-list\">\n<li>D\u00e9finition des modules<\/li>\n\n\n\n<li>D\u00e9finition des events<\/li>\n<\/ul>\n<\/li>\n\n\n\n<li>Mise en \u0153uvre de l&#8217;architecture dans LabVIEW<\/li>\n<\/ul>\n\n\n\n<div class=\"wp-block-buttons is-content-justification-center is-layout-flex wp-block-buttons-is-layout-flex\">\n<div class=\"wp-block-button is-style-outline is-style-outline--1\"><a class=\"wp-block-button__link has-white-color has-luminous-vivid-amber-background-color has-text-color has-background\" href=\"https:\/\/www.wovalab.com\/fr\/contactez-nous\/\" rel=\"\">Demander un devis<\/a><\/div>\n<\/div>\n\n\n\n<p><\/p>\n\n\n\n<figure class=\"wp-block-embed is-type-video is-provider-youtube wp-block-embed-youtube wp-embed-aspect-16-9 wp-has-aspect-ratio\"><div class=\"wp-block-embed__wrapper\">\n<iframe loading=\"lazy\" title=\"DQMH, un peu plus qu&#039;un framework ?\" width=\"800\" height=\"450\" src=\"https:\/\/www.youtube.com\/embed\/qwku3asctMk?feature=oembed&#038;enablejsapi=1&#038;origin=https:\/\/www.wovalab.com\" frameborder=\"0\" allow=\"accelerometer; autoplay; clipboard-write; encrypted-media; gyroscope; picture-in-picture; web-share\" referrerpolicy=\"strict-origin-when-cross-origin\" allowfullscreen><\/iframe>\n<\/div><\/figure>\n\n\n\n<h1 class=\"wp-block-heading\">FAQ<\/h1>\n\n\n\n<h2 class=\"wp-block-heading\">Quels sont les pr\u00e9requis pour participer \u00e0 cette formation ?<\/h2>\n\n\n\n<p>Cette formation s&#8217;adresse \u00e0 des d\u00e9veloppeurs LabVIEW autonomes avec l&#8217;environnement de d\u00e9veloppement (niveau \u00e9quivalant \u00e0 un CLAD au minimum).<\/p>\n\n\n\n<h2 class=\"wp-block-heading\">O\u00f9 a lieu la formation ?<\/h2>\n\n\n\n<p>La formation peut \u00eatre dispens\u00e9e en pr\u00e9sentiel dans les locaux de Wovalab ou \u00e0 distance.<\/p>\n\n\n\n<h2 class=\"wp-block-heading\">Est-ce que la formation peut avoir lieu dans mon entreprise ?<\/h2>\n\n\n\n<p>Nous pouvons nous d\u00e9placer sur site. Des frais de d\u00e9placement sont alors imput\u00e9s en plus du co\u00fbt de la formation.<\/p>\n\n\n\n<h2 class=\"wp-block-heading\">Quel mat\u00e9riel est requis ?<\/h2>\n\n\n\n<p>L&#8217;activit\u00e9 principale de Wovalab n&#8217;\u00e9tant pas la formation, nous ne fournissons pas de PC aux stagiaires. Il est donc n\u00e9cessaire, en cas de formation sur site de Wovalab, de venir avec un PC \u00e9quip\u00e9 d&#8217;une version de LabVIEW compatible avec le framework DQMH.<\/p>\n\n\n\n<h2 class=\"wp-block-heading\">Comment convaincre mon responsable que cette formation est un bon investissement ?<\/h2>\n\n\n\n<p>Excellente question, non ?<\/p>\n\n\n\n<p>La r\u00e9ponse varie certainement en fonction du contexte, mais ce qui est certain, c&#8217;est que nous appliquons \u00e0 nos formations la m\u00eame philosophie que dans nos d\u00e9veloppements : ajouter de la valeur pour vous permettre d&#8217;\u00eatre plus efficace dans vos projets.<\/p>\n\n\n\n<p>Pour cela, la longue exp\u00e9rience que nous avons en d\u00e9veloppement logiciel dans le monde de la mesure nous permet de garantir l&#8217;ad\u00e9quation entre le savoir que nous partageons et le monde r\u00e9el que nous c\u00f4toyons au quotidien avec nos clients.<\/p>\n\n\n\n<p>Nous nous attachons \u00e0 apporter des r\u00e9ponses pragmatiques aux questions soulev\u00e9es pendant les formations afin d&#8217;assurer une mise en \u0153uvre rapide et efficace des connaissances acquises.<\/p>\n\n\n\n<p>En d&#8217;autres termes, en plus des connaissances th\u00e9oriques, nous faisons gagner de l&#8217;exp\u00e9rience \u00e0 nos stagiaires.<\/p>\n\n\n\n<hr class=\"wp-block-separator has-text-color has-css-opacity has-background is-style-wide\" style=\"background-color:#6cc24a;color:#6cc24a\"\/>\n\n\n\n<p><strong>Note importante : <\/strong>Wovalab est reconnue comme <a href=\"https:\/\/www.wovalab.com\/fr\/dqmhr-trusted-advisor\/\" target=\"_blank\" rel=\"noreferrer noopener\">DQMH Trusted Advisor par le DQMH Consortium. Cela nous permet de vous garantir la <\/a>meilleure qualit\u00e9 de formation possible sur ce sujet.<\/p>\n\n\n\n<p><\/p>\n","protected":false},"excerpt":{"rendered":"<p>Apprenez \u00e0 utiliser le framework DQMH et \u00e0 concevoir vos applications LabVIEW avec ce framework 3 jours (21 h) de formation 7 350\u20ac HT \/ Jusqu&#8217;\u00e0 6 personnes Pourquoi suivre &#8230;<\/p>\n","protected":false},"author":1,"featured_media":0,"parent":0,"menu_order":0,"comment_status":"closed","ping_status":"closed","template":"","meta":{"footnotes":""},"class_list":["post-1799","page","type-page","status-publish","hentry"],"_links":{"self":[{"href":"https:\/\/www.wovalab.com\/fr\/wp-json\/wp\/v2\/pages\/1799","targetHints":{"allow":["GET"]}}],"collection":[{"href":"https:\/\/www.wovalab.com\/fr\/wp-json\/wp\/v2\/pages"}],"about":[{"href":"https:\/\/www.wovalab.com\/fr\/wp-json\/wp\/v2\/types\/page"}],"author":[{"embeddable":true,"href":"https:\/\/www.wovalab.com\/fr\/wp-json\/wp\/v2\/users\/1"}],"replies":[{"embeddable":true,"href":"https:\/\/www.wovalab.com\/fr\/wp-json\/wp\/v2\/comments?post=1799"}],"version-history":[{"count":35,"href":"https:\/\/www.wovalab.com\/fr\/wp-json\/wp\/v2\/pages\/1799\/revisions"}],"predecessor-version":[{"id":2096,"href":"https:\/\/www.wovalab.com\/fr\/wp-json\/wp\/v2\/pages\/1799\/revisions\/2096"}],"wp:attachment":[{"href":"https:\/\/www.wovalab.com\/fr\/wp-json\/wp\/v2\/media?parent=1799"}],"curies":[{"name":"wp","href":"https:\/\/api.w.org\/{rel}","templated":true}]}}