{"id":1833,"date":"2021-05-25T15:53:51","date_gmt":"2021-05-25T14:53:51","guid":{"rendered":"https:\/\/www.wovalab.com\/?page_id=1833"},"modified":"2026-01-22T15:27:17","modified_gmt":"2026-01-22T14:27:17","slug":"labview-project-boot-camp","status":"publish","type":"page","link":"https:\/\/www.wovalab.com\/fr\/labview-project-boot-camp\/","title":{"rendered":"LabVIEW project boot camp"},"content":{"rendered":"\n<figure class=\"wp-block-pullquote has-border-color has-text-color\" style=\"border-color:#6cc24a;color:#878787\"><blockquote><p>D\u00e9couvrez l&#8217;essentiel de ce qu&#8217;il faut connaitre pour d\u00e9velopper des applications LabVIEW robustes et maintenables, seul ou en \u00e9quipe<\/p><\/blockquote><\/figure>\n\n\n\n<figure class=\"wp-block-table\"><table class=\"has-white-color has-text-color has-background\" style=\"background-color:#6cc24a\"><tbody><tr><td class=\"has-text-align-center\" data-align=\"center\"><h3>5 jours (35 h) de formation<\/h3><\/td><td class=\"has-text-align-center\" data-align=\"center\"><h3>12 250\u20ac HT \/ Jusqu&#8217;\u00e0 6 personnes<\/h3><\/td><\/tr><\/tbody><\/table><\/figure>\n\n\n\n<h1 class=\"wp-block-heading\">Pourquoi suivre cette formation ?<\/h1>\n\n\n\n<p>LabVIEW est un langage de d\u00e9veloppement fabuleux qui permet de cr\u00e9er facilement des applications de mesure et de test. Cependant, si l&#8217;on souhaite d\u00e9passer le stade de l&#8217;application d\u00e9velopp\u00e9e seule pour des besoins simples et limit\u00e9s dans le temps, il devient n\u00e9cessaire de mettre en \u0153uvre des processus de d\u00e9veloppement, de test et de distribution qui permettront\u00a0:<\/p>\n\n\n\n<ul class=\"wp-block-list\">\n<li>D&#8217;assurer la robustesse, la maintenabilit\u00e9 et la distribution rapide de vos applications et ce, que vous soyez un d\u00e9veloppeur solitaire ou membre d&#8217;une \u00e9quipe.<\/li>\n\n\n\n<li>d&#8217;ajouter des fonctionnalit\u00e9s \u00e0 vos applications en toute s\u00e9r\u00e9nit\u00e9<\/li>\n<\/ul>\n\n\n\n<p><strong>Cette formation vous permettra d&#8217;apprendre :<\/strong><\/p>\n\n\n\n<ul class=\"wp-block-list\">\n<li>les \u00e9l\u00e9ments essentiels \u00e0 conna\u00eetre dans LabVIEW (file d&#8217;attente, \u00e9v\u00e9nements, DVR, OOP, sets et maps\u2026)<\/li>\n\n\n\n<li>L&#8217;utilisation de framework pour architecturer et standardiser vos d\u00e9veloppements<\/li>\n\n\n\n<li>L&#8217;utilisation de Git pour g\u00e9rer et partager vos codes sources<\/li>\n\n\n\n<li>La mise en \u0153uvre de l&#8217;int\u00e9gration continue pour tester, builder et distribuer vos applications automatiquement<\/li>\n<\/ul>\n\n\n\n<p><strong>Ce que vous saurez faire :<\/strong><\/p>\n\n\n\n<p>Apr\u00e8s avoir suivi cette formation,<\/p>\n\n\n\n<ul class=\"wp-block-list\">\n<li>Vous aurez fait un tour d&#8217;horizons des fonctionnalit\u00e9s incontournables \u00e0 conna\u00eetre dans LabVIEW<\/li>\n\n\n\n<li>Vous comprendrez les \u00e9tapes n\u00e9cessaires au d\u00e9veloppement de vos applications LabVIEW<\/li>\n\n\n\n<li>Vous pourrez int\u00e9grer efficacement une \u00e9quipe de d\u00e9veloppeurs LabVIEW<\/li>\n<\/ul>\n\n\n\n<p><\/p>\n\n\n\n<p><\/p>\n\n\n\n<h1 class=\"wp-block-heading\">\u00c0 qui s&#8217;adresse cette formation ?<\/h1>\n\n\n\n<ul class=\"wp-block-list\">\n<li>D\u00e9veloppeur LabVIEW<\/li>\n<\/ul>\n\n\n\n<h1 class=\"wp-block-heading\">Contenu d\u00e9taill\u00e9<\/h1>\n\n\n\n<h2 class=\"wp-block-heading\">Jours 1 et 2 : LabVIEW essential<\/h2>\n\n\n\n<ul class=\"wp-block-list\">\n<li>Revue des principes la programmation Graphique avec LabVIEW (flux de donn\u00e9es, gestion m\u00e9moire, compilation\u2026)<\/li>\n\n\n\n<li>Revue de l&#8217;environnement de d\u00e9veloppement de LabVIEW (projet, VI, librairies\u2026)<\/li>\n\n\n\n<li>Revue de fonctionnalit\u00e9s de base (structures, gestion de tableaux, gestion de cha\u00eenes de caract\u00e8res, gestion de fichiers\u2026)<\/li>\n\n\n\n<li>Synchronisation et partage de donn\u00e9es (files d&#8217;attente, \u00e9v\u00e9nements utilisateurs\u2026)<\/li>\n\n\n\n<li>Structurer une application (machine \u00e0 \u00e9tats, producteur-consommateur&#8230;)<\/li>\n\n\n\n<li>D\u00e9veloppement modulaire \u00e0 l&#8217;aide des lvlib et lvclass<\/li>\n<\/ul>\n\n\n\n<h2 class=\"wp-block-heading\">Jour 3 : Utiliser un framework pour standardiser ses d\u00e9veloppements<\/h2>\n\n\n\n<ul class=\"wp-block-list\">\n<li>Pourquoi utiliser un framework<\/li>\n\n\n\n<li>D\u00e9couverte du <a rel=\"noreferrer noopener\" href=\"http:\/\/www.dqmh.org\" target=\"_blank\">framework DQMH<\/a>\n<ul class=\"wp-block-list\">\n<li>Concepts et philosophie<\/li>\n\n\n\n<li>Utiliser les outils de production pour cr\u00e9er et modifier du code<\/li>\n\n\n\n<li>Tester un module<\/li>\n\n\n\n<li>Utiliser&nbsp;<a rel=\"noreferrer noopener\" href=\"https:\/\/wovalab.gitlab.io\/open-source\/labview-doc-generator\/\" target=\"_blank\">Antidoc&nbsp;<\/a>pour cr\u00e9er la documentation du code source du projet<\/li>\n<\/ul>\n<\/li>\n<\/ul>\n\n\n\n<h2 class=\"wp-block-heading\">Jour 4 : Utiliser Git pour g\u00e9rer et partager les codes sources<\/h2>\n\n\n\n<p>Voir le contenu de la journ\u00e9e <a href=\"https:\/\/www.wovalab.com\/fr\/git-pour-vos-projets-labview\/\" data-type=\"URL\" data-id=\"https:\/\/www.wovalab.com\/fr\/git-pour-vos-projets-labview\/\" target=\"_blank\" rel=\"noreferrer noopener\">ici<\/a><\/p>\n\n\n\n<h2 class=\"wp-block-heading\">Jour 5 : Mettre en \u0153uvre l&#8217;int\u00e9gration continue dans ses projets LabVIEW<\/h2>\n\n\n\n<p>Voir le contenu de la journ\u00e9e <a href=\"https:\/\/www.wovalab.com\/fr\/git-pour-vos-projets-labview\/\" data-type=\"URL\" data-id=\"https:\/\/www.wovalab.com\/fr\/git-pour-vos-projets-labview\/\" target=\"_blank\" rel=\"noreferrer noopener\">ici<\/a><\/p>\n\n\n\n<div class=\"wp-block-buttons is-content-justification-center is-layout-flex wp-block-buttons-is-layout-flex\">\n<div class=\"wp-block-button is-style-outline is-style-outline--1\"><a class=\"wp-block-button__link has-white-color has-luminous-vivid-amber-background-color has-text-color has-background\" href=\"https:\/\/www.wovalab.com\/fr\/contactez-nous\/\" rel=\"\">Demander un devis<\/a><\/div>\n<\/div>\n\n\n\n<p><\/p>\n\n\n\n<h1 class=\"wp-block-heading\">FAQ<\/h1>\n\n\n\n<h2 class=\"wp-block-heading\">Quels sont les pr\u00e9requis pour participer \u00e0 cette formation ?<\/h2>\n\n\n\n<p>Cette formation s&#8217;adresse \u00e0 des d\u00e9veloppeurs LabVIEW autonomes avec l&#8217;environnement de d\u00e9veloppement (niveau \u00e9quivalent \u00e0 un CLAD\/CLD au minimum).<\/p>\n\n\n\n<h2 class=\"wp-block-heading\">O\u00f9 a lieu la formation ?<\/h2>\n\n\n\n<p>La formation peut \u00eatre dispens\u00e9e en pr\u00e9sentiel dans les locaux de Wovalab ou \u00e0 distance.<\/p>\n\n\n\n<h2 class=\"wp-block-heading\">Est-ce que la formation peut avoir lieu dans mon entreprise ?<\/h2>\n\n\n\n<p>Nous pouvons nous d\u00e9placer sur site. Des frais de d\u00e9placement sont alors imput\u00e9s en plus du co\u00fbt de la formation.<\/p>\n\n\n\n<h2 class=\"wp-block-heading\">Quel mat\u00e9riel est requis ?<\/h2>\n\n\n\n<p>L&#8217;activit\u00e9 principale de Wovalab n&#8217;\u00e9tant pas la formation, nous ne fournissons pas de PC aux stagiaires. Il est donc n\u00e9cessaire, en cas de formation sur site de Wovalab, de venir avec un PC \u00e9quip\u00e9 d&#8217;une version de LabVIEW compatible avec le framework DQMH.<\/p>\n\n\n\n<h2 class=\"wp-block-heading\">Comment convaincre mon responsable que cette formation est un bon investissement ?<\/h2>\n\n\n\n<p>Excellente question, non ?<\/p>\n\n\n\n<p>La r\u00e9ponse varie certainement en fonction du contexte, mais ce qui est certain, c&#8217;est que nous appliquons \u00e0 nos formations la m\u00eame philosophie que dans nos d\u00e9veloppements : ajouter de la valeur pour vous permettre d&#8217;\u00eatre plus efficace dans vos projets.<\/p>\n\n\n\n<p>Pour cela, la longue exp\u00e9rience que nous avons en d\u00e9veloppement logiciel dans le monde de la mesure nous permet de garantir l&#8217;ad\u00e9quation entre le savoir que nous partageons et le monde r\u00e9el que nous c\u00f4toyons au quotidien avec nos clients.<\/p>\n\n\n\n<p>Nous nous attachons \u00e0 apporter des r\u00e9ponses pragmatiques aux questions soulev\u00e9es pendant les formations afin d&#8217;assurer une mise en \u0153uvre rapide et efficace des connaissances acquises.<\/p>\n\n\n\n<p>En d&#8217;autres termes, en plus des connaissances th\u00e9oriques, nous faisons gagner de l&#8217;exp\u00e9rience \u00e0 nos stagiaires.<\/p>\n\n\n\n<p><\/p>\n","protected":false},"excerpt":{"rendered":"<p>D\u00e9couvrez l&#8217;essentiel de ce qu&#8217;il faut connaitre pour d\u00e9velopper des applications LabVIEW robustes et maintenables, seul ou en \u00e9quipe 5 jours (35 h) de formation 12 250\u20ac HT \/ Jusqu&#8217;\u00e0 &#8230;<\/p>\n","protected":false},"author":1,"featured_media":0,"parent":0,"menu_order":0,"comment_status":"closed","ping_status":"closed","template":"","meta":{"footnotes":""},"class_list":["post-1833","page","type-page","status-publish","hentry"],"_links":{"self":[{"href":"https:\/\/www.wovalab.com\/fr\/wp-json\/wp\/v2\/pages\/1833","targetHints":{"allow":["GET"]}}],"collection":[{"href":"https:\/\/www.wovalab.com\/fr\/wp-json\/wp\/v2\/pages"}],"about":[{"href":"https:\/\/www.wovalab.com\/fr\/wp-json\/wp\/v2\/types\/page"}],"author":[{"embeddable":true,"href":"https:\/\/www.wovalab.com\/fr\/wp-json\/wp\/v2\/users\/1"}],"replies":[{"embeddable":true,"href":"https:\/\/www.wovalab.com\/fr\/wp-json\/wp\/v2\/comments?post=1833"}],"version-history":[{"count":17,"href":"https:\/\/www.wovalab.com\/fr\/wp-json\/wp\/v2\/pages\/1833\/revisions"}],"predecessor-version":[{"id":2102,"href":"https:\/\/www.wovalab.com\/fr\/wp-json\/wp\/v2\/pages\/1833\/revisions\/2102"}],"wp:attachment":[{"href":"https:\/\/www.wovalab.com\/fr\/wp-json\/wp\/v2\/media?parent=1833"}],"curies":[{"name":"wp","href":"https:\/\/api.w.org\/{rel}","templated":true}]}}