{"id":1846,"date":"2021-05-25T16:47:12","date_gmt":"2021-05-25T15:47:12","guid":{"rendered":"https:\/\/www.wovalab.com\/?page_id=1846"},"modified":"2026-01-22T15:23:55","modified_gmt":"2026-01-22T14:23:55","slug":"git-pour-vos-projets-labview","status":"publish","type":"page","link":"https:\/\/www.wovalab.com\/fr\/git-pour-vos-projets-labview\/","title":{"rendered":"Git pour vos projets LabVIEW"},"content":{"rendered":"\n<figure class=\"wp-block-pullquote has-border-color has-text-color\" style=\"border-color:#6cc24a;color:#878787\"><blockquote><p>Git est un incontournable des outils n\u00e9cessaires aux d\u00e9veloppeurs LabVIEW.<\/p><p>Apprenez les bases de Git pour maitriser l&#8217;historique de vos codes et partager votre travail avec d&#8217;autres d\u00e9veloppeurs.<\/p><\/blockquote><\/figure>\n\n\n\n<figure class=\"wp-block-table\"><table class=\"has-white-color has-text-color has-background\" style=\"background-color:#6cc24a\"><tbody><tr><td class=\"has-text-align-center\" data-align=\"center\"><h3>1 jour (7 h) de formation<\/h3><\/td><td class=\"has-text-align-center\" data-align=\"center\"><h3>2 450\u20ac HT \/ Jusqu&#8217;\u00e0 6 personnes<\/h3><\/td><\/tr><\/tbody><\/table><\/figure>\n\n\n\n<h1 class=\"wp-block-heading\">Pourquoi suivre cette formation ?<\/h1>\n\n\n\n<p>Les raisons d&#8217;utiliser un syst\u00e8me de contr\u00f4le de version sont nombreuses et ce, que vous d\u00e9veloppiez seul ou en \u00e9quipe. On peut citer par exemple :<\/p>\n\n\n\n<ul class=\"wp-block-list\">\n<li>L&#8217;enregistrement des modifications des fichiers au cours du temps<\/li>\n\n\n\n<li>La r\u00e9cup\u00e9ration de n\u2019importe quelle version d\u2019un fichier<\/li>\n\n\n\n<li>Conna\u00eetre qui a fait quel changement sur quel fichier<\/li>\n\n\n\n<li>Partager des fichiers entre plusieurs personnes<\/li>\n<\/ul>\n\n\n\n<p>Git, pour ses fonctionnalit\u00e9s et son usage quasi g\u00e9n\u00e9ralis\u00e9 pour la mise en \u0153uvre de l&#8217;int\u00e9gration continue, est pour nous l&#8217;outil \u00e0 conna\u00eetre et \u00e0 savoir utiliser pour tous les d\u00e9veloppeur LabVIEW<\/p>\n\n\n\n<h1 class=\"wp-block-heading\">\u00c0 qui s&#8217;adresse cette formation ?<\/h1>\n\n\n\n<ul class=\"wp-block-list\">\n<li>D\u00e9veloppeur LabVIEW<\/li>\n\n\n\n<li>Responsable technique de projet<\/li>\n<\/ul>\n\n\n\n<h1 class=\"wp-block-heading\">Contenu d\u00e9taill\u00e9<\/h1>\n\n\n\n<ul class=\"wp-block-list\">\n<li>D\u00e9couverete de Git\n<ul class=\"wp-block-list\">\n<li>SCC distribu\u00e9<\/li>\n\n\n\n<li>Repository Local\/Remote<\/li>\n\n\n\n<li>Branches<\/li>\n\n\n\n<li>Commandes de bases<\/li>\n<\/ul>\n<\/li>\n\n\n\n<li>Interfaces utilisateur<\/li>\n\n\n\n<li>Workflow<\/li>\n\n\n\n<li>Sp\u00e9cificit\u00e9 li\u00e9e \u00e0 l&#8217;utilisation de LabVIEW<\/li>\n<\/ul>\n\n\n\n<div class=\"wp-block-buttons is-content-justification-center is-layout-flex wp-block-buttons-is-layout-flex\">\n<div class=\"wp-block-button is-style-outline is-style-outline--1\"><a class=\"wp-block-button__link has-white-color has-luminous-vivid-amber-background-color has-text-color has-background\" href=\"https:\/\/www.wovalab.com\/fr\/contactez-nous\/\" rel=\"\">Demander un devis<\/a><\/div>\n<\/div>\n\n\n\n<p><\/p>\n\n\n\n<figure class=\"wp-block-embed is-type-video is-provider-youtube wp-block-embed-youtube wp-embed-aspect-16-9 wp-has-aspect-ratio\"><div class=\"wp-block-embed__wrapper\">\n<iframe loading=\"lazy\" title=\"De SVN vers Git\" width=\"800\" height=\"450\" src=\"https:\/\/www.youtube.com\/embed\/XMNhpBmCOu4?feature=oembed&#038;enablejsapi=1&#038;origin=https:\/\/www.wovalab.com\" frameborder=\"0\" allow=\"accelerometer; autoplay; clipboard-write; encrypted-media; gyroscope; picture-in-picture; web-share\" referrerpolicy=\"strict-origin-when-cross-origin\" allowfullscreen><\/iframe>\n<\/div><\/figure>\n\n\n\n<h1 class=\"wp-block-heading\">FAQ<\/h1>\n\n\n\n<h2 class=\"wp-block-heading\">Quels sont les pr\u00e9requis pour participer \u00e0 cette formation ?<\/h2>\n\n\n\n<p>Cette formation s&#8217;adresse \u00e0 des d\u00e9veloppeurs LabVIEW autonomes avec l&#8217;environnement de d\u00e9veloppement (niveau \u00e9quivalent \u00e0 un CLAD\/CLD au minimum).<\/p>\n\n\n\n<h2 class=\"wp-block-heading\">O\u00f9 a lieu la formation ?<\/h2>\n\n\n\n<p>La formation peut \u00eatre dispens\u00e9e en pr\u00e9sentiel dans les locaux de Wovalab ou \u00e0 distance.<\/p>\n\n\n\n<h2 class=\"wp-block-heading\">Est-ce que la formation peut avoir lieu dans mon entreprise ?<\/h2>\n\n\n\n<p>Nous pouvons nous d\u00e9placer sur site. Des frais de d\u00e9placement sont alors imput\u00e9s en sus du co\u00fbt de la formation.<\/p>\n\n\n\n<h2 class=\"wp-block-heading\">Quel mat\u00e9riel est requis ?<\/h2>\n\n\n\n<p>L&#8217;activit\u00e9 principale de Wovalab n&#8217;\u00e9tant pas la formation, nous ne fournissons pas de PC aux stagiaires. Il est donc n\u00e9cessaire, en cas de formation sur site de Wovalab, de venir avec un PC \u00e9quip\u00e9 d&#8217;une version de LabVIEW install\u00e9e.<\/p>\n\n\n\n<h2 class=\"wp-block-heading\">Comment convaincre mon responsable que cette formation est un bon investissement ?<\/h2>\n\n\n\n<p>Excellente question, non ?<\/p>\n\n\n\n<p>La r\u00e9ponse varie certainement en fonction du contexte, mais ce qui est certain, c&#8217;est que nous appliquons \u00e0 nos formations la m\u00eame philosophie que dans nos d\u00e9veloppements : ajouter de la valeur pour vous permettre d&#8217;\u00eatre plus efficace dans vos projets.<\/p>\n\n\n\n<p>Pour cela, la longue exp\u00e9rience que nous avons en d\u00e9veloppement logiciel dans le monde de la mesure nous permet de garantir l&#8217;ad\u00e9quation entre le savoir que nous partageons et le monde r\u00e9el que nous c\u00f4toyons au quotidien avec nos clients.<\/p>\n\n\n\n<p>Nous nous attachons \u00e0 apporter des r\u00e9ponses pragmatiques aux questions soulev\u00e9es pendant les formations afin d&#8217;assurer une mise en \u0153uvre rapide et efficace des connaissances acquises.<\/p>\n\n\n\n<p>En d&#8217;autres termes, en plus des connaissances th\u00e9oriques, nous faisons gagner de l&#8217;exp\u00e9rience \u00e0 nos stagiaires.<\/p>\n","protected":false},"excerpt":{"rendered":"<p>Git est un incontournable des outils n\u00e9cessaires aux d\u00e9veloppeurs LabVIEW. Apprenez les bases de Git pour maitriser l&#8217;historique de vos codes et partager votre travail avec d&#8217;autres d\u00e9veloppeurs. 1 jour &#8230;<\/p>\n","protected":false},"author":1,"featured_media":0,"parent":0,"menu_order":0,"comment_status":"closed","ping_status":"closed","template":"","meta":{"footnotes":""},"class_list":["post-1846","page","type-page","status-publish","hentry"],"_links":{"self":[{"href":"https:\/\/www.wovalab.com\/fr\/wp-json\/wp\/v2\/pages\/1846","targetHints":{"allow":["GET"]}}],"collection":[{"href":"https:\/\/www.wovalab.com\/fr\/wp-json\/wp\/v2\/pages"}],"about":[{"href":"https:\/\/www.wovalab.com\/fr\/wp-json\/wp\/v2\/types\/page"}],"author":[{"embeddable":true,"href":"https:\/\/www.wovalab.com\/fr\/wp-json\/wp\/v2\/users\/1"}],"replies":[{"embeddable":true,"href":"https:\/\/www.wovalab.com\/fr\/wp-json\/wp\/v2\/comments?post=1846"}],"version-history":[{"count":17,"href":"https:\/\/www.wovalab.com\/fr\/wp-json\/wp\/v2\/pages\/1846\/revisions"}],"predecessor-version":[{"id":2098,"href":"https:\/\/www.wovalab.com\/fr\/wp-json\/wp\/v2\/pages\/1846\/revisions\/2098"}],"wp:attachment":[{"href":"https:\/\/www.wovalab.com\/fr\/wp-json\/wp\/v2\/media?parent=1846"}],"curies":[{"name":"wp","href":"https:\/\/api.w.org\/{rel}","templated":true}]}}