{"id":1924,"date":"2021-08-20T09:20:59","date_gmt":"2021-08-20T08:20:59","guid":{"rendered":"https:\/\/www.wovalab.com\/?page_id=1924"},"modified":"2021-08-20T09:21:00","modified_gmt":"2021-08-20T08:21:00","slug":"mentions-legales","status":"publish","type":"page","link":"https:\/\/www.wovalab.com\/fr\/mentions-legales\/","title":{"rendered":"Mentions l\u00e9gales"},"content":{"rendered":"\n<p><strong>Mentions l\u00e9gales du site internet<\/strong><\/p>\n\n\n\n<p><strong><u>IDENTITE DE L&#8217;EDITEUR DU SITE INTERNET<\/u><\/strong><\/p>\n\n\n\n<p>L&#8217;\u00e9diteur du site internet est :<\/p>\n\n\n\n<p>La soci\u00e9t\u00e9 Wovalab, SARL au capital social de 6000 euros, dont le si\u00e8ge social est 777 voie galil\u00e9e 73800 Sainte H\u00e9l\u00e8ne du Lac, immatricul\u00e9e sous le num\u00e9ro 8443396060\ufeff, et dont le repr\u00e9sentant l\u00e9gal est Olivier Jourdan.<\/p>\n\n\n\n<p>L&#8217;\u00e9diteur du site internet peut \u00eatre contact\u00e9 \u00e0 cette adresse \u00e9lectronique : olivier.jourdan@wovalab.com<\/p>\n\n\n\n<p>L&#8217;\u00e9diteur du site est assujetti \u00e0 la TVA. Son num\u00e9ro de TVA intracommunautaire est : FR 18 844339606.<\/p>\n\n\n\n<p><strong><u>ACTIVITES EXERCEES<\/u><\/strong><\/p>\n\n\n\n<p>L&#8217;\u00e9diteur du site internet exerce les activit\u00e9s suivantes : Conception et d\u00e9veloppement de syst\u00e8mes et logiciels informatiques pouvant int\u00e9grer l&#8217;utilisation de mat\u00e9riel. Conseils et formations aux processus et techniques de d\u00e9veloppement de logiciels ; vente de logiciels et de composants logiciels.<\/p>\n\n\n\n<p><strong><u>DIRECTEUR DE LA PUBLICATION DU SITE INTERNET<\/u><\/strong><\/p>\n\n\n\n<p>Le Directeur de la publication est :<\/p>\n\n\n\n<p>Olivier Jourdan<\/p>\n\n\n\n<p><strong><u>REALISATION DU SITE INTERNET<\/u><\/strong><\/p>\n\n\n\n<p>Le site internet a \u00e9t\u00e9 r\u00e9alis\u00e9 par :<\/p>\n\n\n\n<p>Olivier Jourdan<\/p>\n\n\n\n<p><strong><u>HEBERGEMENT DU SITE INTERNET<\/u><\/strong><\/p>\n\n\n\n<p>Le site internet est h\u00e9berg\u00e9 par :<\/p>\n\n\n\n<p>Gandi SAS<\/p>\n\n\n\n<p>63, 65 Boulevard Massena<\/p>\n\n\n\n<p>75013 Paris<\/p>\n\n\n\n<p>France<\/p>\n\n\n\n<p>Tel : +33170377661<\/p>\n\n\n\n<p><strong><u>PROPRIETE INTELLECTUELLE<\/u><\/strong><\/p>\n\n\n\n<p>Le site internet est susceptible de reproduire des \u0153uvres de propri\u00e9t\u00e9 intellectuelle. Ces \u0153uvres peuvent appartenir \u00e0 l\u2019\u00e9diteur du site ou \u00e0 des tiers. Dans ce dernier cas, les \u0153uvres sont reproduites par l\u2019\u00e9diteur avec l\u2019autorisation de ces tiers.<\/p>\n\n\n\n<p>Toute reproduction, repr\u00e9sentation, modification, publication, adaptation de tout ou partie des \u0153uvres repr\u00e9sent\u00e9es sur le site, quel que soit le moyen ou le proc\u00e9d\u00e9 utilis\u00e9, est interdite, sauf autorisation \u00e9crite pr\u00e9alable de l\u2019\u00e9diteur du site internet et\/ou des tiers propri\u00e9taires.<\/p>\n\n\n\n<p>Toute exploitation non autoris\u00e9e du site internet ou de l\u2019un quelconque des \u00e9l\u00e9ments qu\u2019il contient pourra \u00eatre consid\u00e9r\u00e9e comme constitutive d\u2019une contrefa\u00e7on et poursuivie conform\u00e9ment aux dispositions des articles L.335-2 et suivants du Code de Propri\u00e9t\u00e9 Intellectuelle.<\/p>\n\n\n\n<p><strong><u>OBLIGATIONS DES UTILISATEURS DU SITE INTERNET<\/u><\/strong><\/p>\n\n\n\n<p>Les utilisateurs s\u2019engagent \u00e0 utiliser le pr\u00e9sent site internet dans les conditions suivantes :<\/p>\n\n\n\n<p>-ne pas utiliser le site aux fins d\u2019entraver ou alt\u00e9rer son fonctionnement, notamment en l\u2019encombrant, volontairement ou involontairement, par le transfert intempestif de contenus, en dehors des cas d\u2019utilisation pr\u00e9vus ;<\/p>\n\n\n\n<p>-ne pas extraire, copier, dupliquer, des \u00e9l\u00e9ments et graphismes du site internet, sur lesquels l\u2019\u00e9diteur dispose des droits de propri\u00e9t\u00e9 intellectuelle ;<\/p>\n\n\n\n<p>-ne pas introduire de fichiers\/programmes malveillants, ou contenant des virus informatiques ;<\/p>\n\n\n\n<p>-ne pas stocker, transmettre du contenu non autoris\u00e9, qui serait ill\u00e9gal ou qui pourrait \u00eatre constitutif d\u2019incitation \u00e0 la r\u00e9alisation de crimes et d\u00e9lits, de diffamations et injures, d\u2019atteinte \u00e0 la vie priv\u00e9e, ou encore d\u2019actes mettant en p\u00e9ril des mineurs ;<\/p>\n\n\n\n<p>-ne pas transmettre de contenu qui violerait le droit \u00e0 l\u2019image, tout droit de propri\u00e9t\u00e9 intellectuelle tout autre droit appartenant \u00e0 autrui.<\/p>\n\n\n\n<p><strong><u>RESPONSABILITE DE l\u2019EDITEUR<\/u><\/strong><\/p>\n\n\n\n<p>L\u2019utilisateur est seul responsable des choix qu\u2019il fait. Ainsi, la responsabilit\u00e9 de l\u2019\u00e9diteur ne saurait \u00eatre engag\u00e9e en raison de l\u2019inadaptation des services du site internet aux besoins et informations exprim\u00e9s par l\u2019utilisateur.<\/p>\n\n\n\n<p>L\u2019\u00e9diteur n\u2019est pas non plus responsable des cons\u00e9quences dommageables li\u00e9es au r\u00e9seau de communication et des d\u00e9faillances d\u2019acc\u00e8s \u00e0 Internet et de s\u00e9curit\u00e9 informatique de l\u2019utilisateur.<\/p>\n\n\n\n<p><strong><u>PROTECTION DES DONNEES PERSONNELLES<\/u><\/strong><\/p>\n\n\n\n<p>L\u2018\u00e9diteur est susceptible de traiter des donn\u00e9es personnelles dans le cadre de l\u2019exploitation de son site internet.<\/p>\n\n\n\n<p>Dans ce cadre, il s\u2019engage \u00e0 respecter la Loi n\u00b078-17 du 6 janvier 1978 (dite \u00ab Loi informatique et libert\u00e9s \u00bb ou \u00ab LIL \u00bb) et le R\u00e8glement G\u00e9n\u00e9ral sur la protection des Donn\u00e9es Personnelles (\u00ab RGDP \u00bb) n\u00b02016\/679.<\/p>\n","protected":false},"excerpt":{"rendered":"<p>Mentions l\u00e9gales du site internet IDENTITE DE L&#8217;EDITEUR DU SITE INTERNET L&#8217;\u00e9diteur du site internet est : La soci\u00e9t\u00e9 Wovalab, SARL au capital social de 6000 euros, dont le si\u00e8ge &#8230;<\/p>\n","protected":false},"author":1,"featured_media":0,"parent":0,"menu_order":0,"comment_status":"closed","ping_status":"closed","template":"","meta":{"footnotes":""},"class_list":["post-1924","page","type-page","status-publish","hentry"],"_links":{"self":[{"href":"https:\/\/www.wovalab.com\/fr\/wp-json\/wp\/v2\/pages\/1924","targetHints":{"allow":["GET"]}}],"collection":[{"href":"https:\/\/www.wovalab.com\/fr\/wp-json\/wp\/v2\/pages"}],"about":[{"href":"https:\/\/www.wovalab.com\/fr\/wp-json\/wp\/v2\/types\/page"}],"author":[{"embeddable":true,"href":"https:\/\/www.wovalab.com\/fr\/wp-json\/wp\/v2\/users\/1"}],"replies":[{"embeddable":true,"href":"https:\/\/www.wovalab.com\/fr\/wp-json\/wp\/v2\/comments?post=1924"}],"version-history":[{"count":1,"href":"https:\/\/www.wovalab.com\/fr\/wp-json\/wp\/v2\/pages\/1924\/revisions"}],"predecessor-version":[{"id":1925,"href":"https:\/\/www.wovalab.com\/fr\/wp-json\/wp\/v2\/pages\/1924\/revisions\/1925"}],"wp:attachment":[{"href":"https:\/\/www.wovalab.com\/fr\/wp-json\/wp\/v2\/media?parent=1924"}],"curies":[{"name":"wp","href":"https:\/\/api.w.org\/{rel}","templated":true}]}}