{"id":2062,"date":"2024-01-23T10:08:32","date_gmt":"2024-01-23T09:08:32","guid":{"rendered":"https:\/\/www.wovalab.com\/?page_id=2062"},"modified":"2026-01-22T15:28:55","modified_gmt":"2026-01-22T14:28:55","slug":"processus-de-documentation-de-vos-projets-logiciel","status":"publish","type":"page","link":"https:\/\/www.wovalab.com\/fr\/processus-de-documentation-de-vos-projets-logiciel\/","title":{"rendered":"Processus de documentation de vos projets logiciel"},"content":{"rendered":"\n<figure class=\"wp-block-pullquote has-border-color has-text-color\" style=\"border-color:#6cc24a;color:#878787\"><blockquote><p>Int\u00e9grer la cr\u00e9ation et la mise \u00e0 jour de la documentation au sein de vos processus de d\u00e9veloppement permet de supprimer des points de frictions, se concentrer sur le contenu et de livrer une documentation \u00e0 jour en m\u00eame temps que le code <\/p><\/blockquote><\/figure>\n\n\n\n<figure class=\"wp-block-table\"><table class=\"has-white-color has-text-color has-background\" style=\"background-color:#6cc24a\"><tbody><tr><td class=\"has-text-align-center\" data-align=\"center\"><h3>1 jour (7 h) de formation<\/h3><\/td><td class=\"has-text-align-center\" data-align=\"center\"><h3>2 450\u20ac HT \/ Jusqu&#8217;\u00e0 6 personnes<\/h3><\/td><\/tr><\/tbody><\/table><\/figure>\n\n\n\n<h1 class=\"wp-block-heading\">Pourquoi suivre cette formation ?<\/h1>\n\n\n\n<p>L&#8217;id\u00e9e de cette formation est de vous pr\u00e9senter un point de vue et une m\u00e9thode diff\u00e9rente des processus de documentation habituels.<\/p>\n\n\n\n<p>En d\u00e9couvrant l&#8217;approche &#8220;Docs as code&#8221; via l&#8217;explication th\u00e9orique, la pr\u00e9sentation de cas concrets et leur mise en \u0153uvre, vous aurez entre les mains les outils pour am\u00e9liorer vos processus actuels et gagner en fluidit\u00e9 sur un point qui est g\u00e9n\u00e9ralement \u00e0 l&#8217;origine de tensions et de d\u00e9rives de budget.<\/p>\n\n\n\n<ul class=\"wp-block-list\">\n<li><\/li>\n<\/ul>\n\n\n\n<p><\/p>\n\n\n\n<h1 class=\"wp-block-heading\">\u00c0 qui s&#8217;adresse cette formation ?<\/h1>\n\n\n\n<ul class=\"wp-block-list\">\n<li>D\u00e9veloppeur<\/li>\n\n\n\n<li>Responsable technique de projet<\/li>\n\n\n\n<li>Manager<\/li>\n<\/ul>\n\n\n\n<h1 class=\"wp-block-heading\">Contenu d\u00e9taill\u00e9<\/h1>\n\n\n\n<ul class=\"wp-block-list\">\n<li>Introduction \u00e0 l&#8217;approche &#8220;Docs as code&#8221;<\/li>\n\n\n\n<li>Pr\u00e9sentation des outils\n<ul class=\"wp-block-list\">\n<li>Lightweight Markup Language (AsciiDoc, Markdown\u2026)<\/li>\n\n\n\n<li>G\u00e9n\u00e9rateur de site web statique<\/li>\n\n\n\n<li>Git<\/li>\n\n\n\n<li>Automatisation de tache<\/li>\n<\/ul>\n<\/li>\n\n\n\n<li>Etudes de cas concrets<\/li>\n\n\n\n<li>Mise en \u0153uvre<\/li>\n<\/ul>\n\n\n\n<div class=\"wp-block-buttons is-content-justification-center is-layout-flex wp-block-buttons-is-layout-flex\">\n<div class=\"wp-block-button is-style-outline is-style-outline--1\"><a class=\"wp-block-button__link has-white-color has-luminous-vivid-amber-background-color has-text-color has-background\" href=\"https:\/\/www.wovalab.com\/fr\/contactez-nous\/\" rel=\"\">Demander un devis<\/a><\/div>\n<\/div>\n\n\n\n<p><\/p>\n\n\n\n<figure class=\"wp-block-embed is-type-video is-provider-youtube wp-block-embed-youtube wp-embed-aspect-16-9 wp-has-aspect-ratio\"><div class=\"wp-block-embed__wrapper\">\n<iframe loading=\"lazy\" title=\"Use docs as code approach to document your LabVIEW projects - Olivier Jourdan(Wovalab) - GDevCon#4\" width=\"800\" height=\"450\" src=\"https:\/\/www.youtube.com\/embed\/0gWTlcoUyuE?feature=oembed&#038;enablejsapi=1&#038;origin=https:\/\/www.wovalab.com\" frameborder=\"0\" allow=\"accelerometer; autoplay; clipboard-write; encrypted-media; gyroscope; picture-in-picture; web-share\" referrerpolicy=\"strict-origin-when-cross-origin\" allowfullscreen><\/iframe>\n<\/div><\/figure>\n\n\n\n<h1 class=\"wp-block-heading\">FAQ<\/h1>\n\n\n\n<h2 class=\"wp-block-heading\">Quels sont les pr\u00e9requis pour participer \u00e0 cette formation ?<\/h2>\n\n\n\n<p>Toute personne charg\u00e9e d&#8217;\u00e9crire de la documentation ou de mettre en \u0153uvre des processus de d\u00e9veloppement.<\/p>\n\n\n\n<h2 class=\"wp-block-heading\">O\u00f9 a lieu la formation ?<\/h2>\n\n\n\n<p>La formation peut \u00eatre dispens\u00e9e en pr\u00e9sentiel dans les locaux de Wovalab ou \u00e0 distance.<\/p>\n\n\n\n<h2 class=\"wp-block-heading\">Est-ce que la formation peut avoir lieu dans mon entreprise ?<\/h2>\n\n\n\n<p>Nous pouvons nous d\u00e9placer sur site. Des frais de d\u00e9placement sont alors imput\u00e9s en sus du co\u00fbt de la formation.<\/p>\n\n\n\n<h2 class=\"wp-block-heading\">Quel mat\u00e9riel est requis ?<\/h2>\n\n\n\n<p>L&#8217;activit\u00e9 principale de Wovalab n&#8217;\u00e9tant pas la formation, nous ne fournissons pas de PC aux stagiaires. Il est donc n\u00e9cessaire en cas de formation sur site de Wovalab de venir avec un PC portable<\/p>\n\n\n\n<h2 class=\"wp-block-heading\">Comment convaincre mon responsable que cette formation est un bon investissement ?<\/h2>\n\n\n\n<p>Excellente question, non ?<\/p>\n\n\n\n<p>La r\u00e9ponse varie certainement en fonction du contexte, mais ce qui est certain, c&#8217;est que nous appliquons \u00e0 nos formations la m\u00eame philosophie que dans nos d\u00e9veloppements : ajouter de la valeur pour vous permettre d&#8217;\u00eatre plus efficace dans vos projets.<\/p>\n\n\n\n<p>Pour cela, la longue exp\u00e9rience que nous avons en d\u00e9veloppement logiciel dans le monde de la mesure nous permet de garantir l&#8217;ad\u00e9quation entre le savoir que nous partageons et le monde r\u00e9el que nous c\u00f4toyons au quotidien avec nos clients.<\/p>\n\n\n\n<p>Nous nous attachons \u00e0 apporter des r\u00e9ponses pragmatiques aux questions soulev\u00e9es pendant les formations afin d&#8217;assurer une mise en \u0153uvre rapide et efficace des connaissances acquises.<\/p>\n\n\n\n<p>En d&#8217;autres termes, en plus des connaissances th\u00e9oriques ,nous faisons gagner de l&#8217;exp\u00e9rience \u00e0 nos stagiaires.<\/p>\n","protected":false},"excerpt":{"rendered":"<p>Int\u00e9grer la cr\u00e9ation et la mise \u00e0 jour de la documentation au sein de vos processus de d\u00e9veloppement permet de supprimer des points de frictions, se concentrer sur le contenu &#8230;<\/p>\n","protected":false},"author":1,"featured_media":0,"parent":0,"menu_order":0,"comment_status":"closed","ping_status":"closed","template":"","meta":{"footnotes":""},"class_list":["post-2062","page","type-page","status-publish","hentry"],"_links":{"self":[{"href":"https:\/\/www.wovalab.com\/fr\/wp-json\/wp\/v2\/pages\/2062","targetHints":{"allow":["GET"]}}],"collection":[{"href":"https:\/\/www.wovalab.com\/fr\/wp-json\/wp\/v2\/pages"}],"about":[{"href":"https:\/\/www.wovalab.com\/fr\/wp-json\/wp\/v2\/types\/page"}],"author":[{"embeddable":true,"href":"https:\/\/www.wovalab.com\/fr\/wp-json\/wp\/v2\/users\/1"}],"replies":[{"embeddable":true,"href":"https:\/\/www.wovalab.com\/fr\/wp-json\/wp\/v2\/comments?post=2062"}],"version-history":[{"count":5,"href":"https:\/\/www.wovalab.com\/fr\/wp-json\/wp\/v2\/pages\/2062\/revisions"}],"predecessor-version":[{"id":2104,"href":"https:\/\/www.wovalab.com\/fr\/wp-json\/wp\/v2\/pages\/2062\/revisions\/2104"}],"wp:attachment":[{"href":"https:\/\/www.wovalab.com\/fr\/wp-json\/wp\/v2\/media?parent=2062"}],"curies":[{"name":"wp","href":"https:\/\/api.w.org\/{rel}","templated":true}]}}